{"id":35,"date":"2020-02-04T13:25:23","date_gmt":"2020-02-04T13:25:23","guid":{"rendered":"http:\/\/stadt-strategie.ch\/?page_id=35"},"modified":"2025-04-08T20:04:59","modified_gmt":"2025-04-08T20:04:59","slug":"die-stadt-gehoert-auch-dem-kanton","status":"publish","type":"page","link":"https:\/\/stadt-strategie.ch\/","title":{"rendered":"Die Stadt geh\u00f6rt auch dem Kanton"},"content":{"rendered":"\n<h3 class=\"wp-block-heading has-text-align-center\"><strong>f\u00fcr eine zukunftsgerichtete Immobilienstrategie<\/strong> 2020<\/h3>\n\n\n<div class=\"wp-block-image\">\n<figure class=\"aligncenter size-large\"><img loading=\"lazy\" decoding=\"async\" width=\"1024\" height=\"522\" src=\"http:\/\/stadt-strategie.ch\/wp-content\/uploads\/2020\/02\/Bildschirmfoto-2020-02-04-um-15.37.51-1024x522.png\" alt=\"\" class=\"wp-image-52\" srcset=\"https:\/\/stadt-strategie.ch\/wp-content\/uploads\/2020\/02\/Bildschirmfoto-2020-02-04-um-15.37.51-1024x522.png 1024w, https:\/\/stadt-strategie.ch\/wp-content\/uploads\/2020\/02\/Bildschirmfoto-2020-02-04-um-15.37.51-300x153.png 300w, https:\/\/stadt-strategie.ch\/wp-content\/uploads\/2020\/02\/Bildschirmfoto-2020-02-04-um-15.37.51-768x391.png 768w, https:\/\/stadt-strategie.ch\/wp-content\/uploads\/2020\/02\/Bildschirmfoto-2020-02-04-um-15.37.51-1200x611.png 1200w, https:\/\/stadt-strategie.ch\/wp-content\/uploads\/2020\/02\/Bildschirmfoto-2020-02-04-um-15.37.51.png 1309w\" sizes=\"auto, (max-width: 1024px) 100vw, 1024px\" \/><figcaption class=\"wp-element-caption\"><a href=\"http:\/\/stadt-strategie.ch\/?page_id=57\">detaillierte Karte anschauen<\/a><\/figcaption><\/figure><\/div>\n\n\n<p>Die Stadt St.Gallen ist die Hauptstadt des Kantons St.Gallen. Gerne geht umgekehrt vergessen, dass der Kanton eine starke Pr\u00e4senz in der Stadt hat: Er ist einer der wichtigsten Immobilienbesitzer \u00fcberhaupt. Da sind das Regierungs- und Parlamentsgeb\u00e4ude in der Pfalz, die Hauptpost mit der Bibliothek am Bahnhof oder das Theater St.Gallen, das nach einer erfolgreichen Abstimmung demn\u00e4chst saniert werden kann. Zu nennen sind auch die Bildungsinstitutionen, von der Kantonsschule \u00fcber die Berufsschulen bis zur Universit\u00e4t, die nun ins Tal, ans Platztor, herunter steigt. Und nicht zuletzt gibt es mehrere Verwaltungsgeb\u00e4ude, verteilt \u00fcber die ganze Stadt.<\/p>\n\n\n\n<p>In verschiedenen kantonalen Geb\u00e4uden kommt es demn\u00e4chst zu Ver\u00e4nderungen hinsichtlich der Nutzung. Die SP ist deshalb der Meinung, dass es eine aktive Strategie braucht. Eine Strategie dazu, was in Zukunft in welchem Geb\u00e4ude stattfinden soll. In diese Strategie sollen neben den kantonalen auch die st\u00e4dtischen Bauten eingezogen werden. So k\u00f6nnen Chancen f\u00fcr die k\u00fcnftige Stadtentwicklung erkannt und genutzt werden.<\/p>\n","protected":false},"excerpt":{"rendered":"<p>f\u00fcr eine zukunftsgerichtete Immobilienstrategie 2020 Die Stadt St.Gallen ist die Hauptstadt des Kantons St.Gallen. Gerne geht umgekehrt vergessen, dass der Kanton eine starke Pr\u00e4senz in der Stadt hat: Er ist einer der wichtigsten Immobilienbesitzer \u00fcberhaupt. Da sind das Regierungs- und Parlamentsgeb\u00e4ude in der Pfalz, die Hauptpost mit der Bibliothek am Bahnhof oder das Theater St.Gallen, [&hellip;]<\/p>\n","protected":false},"author":1,"featured_media":0,"parent":0,"menu_order":0,"comment_status":"closed","ping_status":"closed","template":"templates\/template-full-width.php","meta":{"footnotes":""},"class_list":["post-35","page","type-page","status-publish","hentry"],"_links":{"self":[{"href":"https:\/\/stadt-strategie.ch\/index.php?rest_route=\/wp\/v2\/pages\/35","targetHints":{"allow":["GET"]}}],"collection":[{"href":"https:\/\/stadt-strategie.ch\/index.php?rest_route=\/wp\/v2\/pages"}],"about":[{"href":"https:\/\/stadt-strategie.ch\/index.php?rest_route=\/wp\/v2\/types\/page"}],"author":[{"embeddable":true,"href":"https:\/\/stadt-strategie.ch\/index.php?rest_route=\/wp\/v2\/users\/1"}],"replies":[{"embeddable":true,"href":"https:\/\/stadt-strategie.ch\/index.php?rest_route=%2Fwp%2Fv2%2Fcomments&post=35"}],"version-history":[{"count":11,"href":"https:\/\/stadt-strategie.ch\/index.php?rest_route=\/wp\/v2\/pages\/35\/revisions"}],"predecessor-version":[{"id":100,"href":"https:\/\/stadt-strategie.ch\/index.php?rest_route=\/wp\/v2\/pages\/35\/revisions\/100"}],"wp:attachment":[{"href":"https:\/\/stadt-strategie.ch\/index.php?rest_route=%2Fwp%2Fv2%2Fmedia&parent=35"}],"curies":[{"name":"wp","href":"https:\/\/api.w.org\/{rel}","templated":true}]}}